{"id":6,"date":"2020-01-19T21:06:37","date_gmt":"2020-01-19T21:06:37","guid":{"rendered":"http:\/\/profescar.pl\/?page_id=6"},"modified":"2023-11-19T10:53:07","modified_gmt":"2023-11-19T10:53:07","slug":"strona-glowna","status":"publish","type":"page","link":"http:\/\/profescar.pl\/","title":{"rendered":"Strona g\u0142\u00f3wna"},"content":{"rendered":"\n<h2 class=\"wp-block-heading\"><a href=\"http:\/\/profescar.pl\/index.php\/przewoz-osob\/\">Przew\u00f3z os\u00f3b<\/a><\/h2>\n\n\n\n<div class=\"wp-block-image\"><figure class=\"alignright is-resized\"><img loading=\"lazy\" decoding=\"async\" src=\"http:\/\/profescar.pl\/wp-content\/uploads\/2020\/01\/dukat_iveco-13-300x225.jpg\" alt=\"\" class=\"wp-image-41\" width=\"352\" height=\"264\" srcset=\"http:\/\/profescar.pl\/wp-content\/uploads\/2020\/01\/dukat_iveco-13-300x225.jpg 300w, http:\/\/profescar.pl\/wp-content\/uploads\/2020\/01\/dukat_iveco-13-1024x769.jpg 1024w, http:\/\/profescar.pl\/wp-content\/uploads\/2020\/01\/dukat_iveco-13-768x577.jpg 768w, http:\/\/profescar.pl\/wp-content\/uploads\/2020\/01\/dukat_iveco-13-1536x1153.jpg 1536w, http:\/\/profescar.pl\/wp-content\/uploads\/2020\/01\/dukat_iveco-13-2048x1538.jpg 2048w\" sizes=\"auto, (max-width: 352px) 100vw, 352px\" \/><\/figure><\/div>\n\n\n\n<p>Profesjonalne us\u0142ugi transportowe <br>dla os\u00f3b planuj\u0105cych r\u00f3\u017cnego rodzaju wyjazdy i wycieczki.<\/p>\n\n\n\n<p><a href=\"http:\/\/profescar.pl\/index.php\/przewoz-osob\/\">Wi\u0119cej informacji<\/a> <a href=\"http:\/\/profescar.pl\/index.php\/przewoz-osob\/\">o przewozie<\/a><\/p>\n\n\n\n<div style=\"height:100px\" aria-hidden=\"true\" class=\"wp-block-spacer\"><\/div>\n\n\n\n<h2 class=\"wp-block-heading\"><a href=\"http:\/\/profescar.pl\/index.php\/warsztat\/\">Warsztat<\/a><\/h2>\n\n\n\n<div class=\"wp-block-image\"><figure class=\"alignright size-large is-resized\"><img loading=\"lazy\" decoding=\"async\" src=\"http:\/\/profescar.pl\/wp-content\/uploads\/2023\/11\/ford-1.jpg\" alt=\"\" class=\"wp-image-85\" width=\"355\" height=\"266\"\/><\/figure><\/div>\n\n\n\n<p>Nasz warsztat specjalizuje si\u0119 w:<br>\u2022 serwisie samochod\u00f3w osobowych i bus\u00f3w<br>\u2022 konserwacji podwozia<br>\u2022 serwisie klimatyzacji<br>\u2022 wymianie opon<br><br><a href=\"http:\/\/profescar.pl\/index.php\/warsztat\/\">Wi\u0119cej informacji o warsztacie<\/a><\/p>\n\n\n\n<p><\/p>\n\n\n\n<div style=\"height:100px\" aria-hidden=\"true\" class=\"wp-block-spacer\"><\/div>\n","protected":false},"excerpt":{"rendered":"<p>Przew\u00f3z os\u00f3b Profesjonalne us\u0142ugi transportowe dla os\u00f3b planuj\u0105cych r\u00f3\u017cnego rodzaju wyjazdy i wycieczki. Wi\u0119cej informacji o przewozie Warsztat Nasz warsztat specjalizuje si\u0119 w:\u2022 serwisie samochod\u00f3w osobowych i bus\u00f3w\u2022 konserwacji podwozia\u2022 serwisie klimatyzacji\u2022 wymianie opon Wi\u0119cej informacji o warsztacie<\/p>\n","protected":false},"author":1,"featured_media":0,"parent":0,"menu_order":0,"comment_status":"closed","ping_status":"closed","template":"","meta":{"footnotes":""},"class_list":["post-6","page","type-page","status-publish","hentry"],"_links":{"self":[{"href":"http:\/\/profescar.pl\/index.php\/wp-json\/wp\/v2\/pages\/6","targetHints":{"allow":["GET"]}}],"collection":[{"href":"http:\/\/profescar.pl\/index.php\/wp-json\/wp\/v2\/pages"}],"about":[{"href":"http:\/\/profescar.pl\/index.php\/wp-json\/wp\/v2\/types\/page"}],"author":[{"embeddable":true,"href":"http:\/\/profescar.pl\/index.php\/wp-json\/wp\/v2\/users\/1"}],"replies":[{"embeddable":true,"href":"http:\/\/profescar.pl\/index.php\/wp-json\/wp\/v2\/comments?post=6"}],"version-history":[{"count":41,"href":"http:\/\/profescar.pl\/index.php\/wp-json\/wp\/v2\/pages\/6\/revisions"}],"predecessor-version":[{"id":127,"href":"http:\/\/profescar.pl\/index.php\/wp-json\/wp\/v2\/pages\/6\/revisions\/127"}],"wp:attachment":[{"href":"http:\/\/profescar.pl\/index.php\/wp-json\/wp\/v2\/media?parent=6"}],"curies":[{"name":"wp","href":"https:\/\/api.w.org\/{rel}","templated":true}]}}