{"id":33,"date":"2020-01-19T21:42:21","date_gmt":"2020-01-19T21:42:21","guid":{"rendered":"http:\/\/profescar.pl\/?page_id=33"},"modified":"2023-11-18T23:08:55","modified_gmt":"2023-11-18T23:08:55","slug":"przewoz-osob","status":"publish","type":"page","link":"http:\/\/profescar.pl\/index.php\/przewoz-osob\/","title":{"rendered":"Przew\u00f3z os\u00f3b"},"content":{"rendered":"\n<h4 class=\"wp-block-heading\">Przew\u00f3z os\u00f3b<\/h4>\n\n\n\n<p>Skontaktuj si\u0119 z nami, aby dowiedzie\u0107 si\u0119 wi\u0119cej i zarezerwowa\u0107 swoj\u0105 podr\u00f3\u017c z nami.<\/p>\n\n\n\n<h2 class=\"wp-block-heading\"><a href=\"tel:+48697477074\">+48 697 477 074<\/a><\/h2>\n\n\n\n<p>Nasza firma transportowa oferuje profesjonalne us\u0142ugi transportowe dla os\u00f3b planuj\u0105cych r\u00f3\u017cnego rodzaju wyjazdy i wycieczki. Dysponujemy flot\u0105 bezpiecznych i komfortowych pojazd\u00f3w, a nasi do\u015bwiadczeni kierowcy dbaj\u0105 o bezpiecze\u0144stwo podr\u00f3\u017cuj\u0105cych.<\/p>\n\n\n\n<p>Specjalizujemy si\u0119 r\u00f3wnie\u017c w przewozach os\u00f3b niepe\u0142nosprawnych na w\u00f3zkach inwalidzkich. Nasze pojazdy s\u0105 wyposa\u017cone w rampy oraz pasy bezpiecze\u0144stwa do zapi\u0119cia w\u00f3zk\u00f3w, co zapewnia komfort i bezpiecze\u0144stwo podczas podr\u00f3\u017cy. Zawsze jeste\u015bmy gotowi do udzielenia pomocy i zapewnienia profesjonalnej obs\u0142ugi.<\/p>\n\n\n\n<p>Zaufaj nam, a zapewnimy Ci bezpieczn\u0105 i komfortow\u0105 podr\u00f3\u017c w ka\u017cdym celu i miejscu. <\/p>\n\n\n\n<iframe src=\"https:\/\/www.google.com\/maps\/embed?pb=!1m18!1m12!1m3!1d317.77867294356435!2d19.050142609835483!3d49.892259351590525!2m3!1f0!2f0!3f0!3m2!1i1024!2i768!4f13.1!3m3!1m2!1s0x4716a3bdde7bb501%3A0x76241678864946f1!2sPROFESCAR%20Tomasz%20Wr%C3%B3bel!5e0!3m2!1spl!2spl!4v1700348589620!5m2!1spl!2spl\" width=\"800\" height=\"600\" style=\"border:0;\" allowfullscreen=\"\" loading=\"lazy\" referrerpolicy=\"no-referrer-when-downgrade\"><\/iframe>\n","protected":false},"excerpt":{"rendered":"<p>Przew\u00f3z os\u00f3b Skontaktuj si\u0119 z nami, aby dowiedzie\u0107 si\u0119 wi\u0119cej i zarezerwowa\u0107 swoj\u0105 podr\u00f3\u017c z nami. +48 697 477 074 Nasza firma transportowa oferuje profesjonalne us\u0142ugi transportowe dla os\u00f3b planuj\u0105cych r\u00f3\u017cnego rodzaju wyjazdy i wycieczki. Dysponujemy flot\u0105 bezpiecznych i komfortowych pojazd\u00f3w, a nasi do\u015bwiadczeni kierowcy dbaj\u0105 o bezpiecze\u0144stwo podr\u00f3\u017cuj\u0105cych. Specjalizujemy<a class=\"moretag\" href=\"http:\/\/profescar.pl\/index.php\/przewoz-osob\/\"> Czytaj wi\u0119cej<\/a><\/p>\n","protected":false},"author":1,"featured_media":22,"parent":0,"menu_order":0,"comment_status":"closed","ping_status":"closed","template":"","meta":{"footnotes":""},"class_list":["post-33","page","type-page","status-publish","has-post-thumbnail","hentry"],"_links":{"self":[{"href":"http:\/\/profescar.pl\/index.php\/wp-json\/wp\/v2\/pages\/33","targetHints":{"allow":["GET"]}}],"collection":[{"href":"http:\/\/profescar.pl\/index.php\/wp-json\/wp\/v2\/pages"}],"about":[{"href":"http:\/\/profescar.pl\/index.php\/wp-json\/wp\/v2\/types\/page"}],"author":[{"embeddable":true,"href":"http:\/\/profescar.pl\/index.php\/wp-json\/wp\/v2\/users\/1"}],"replies":[{"embeddable":true,"href":"http:\/\/profescar.pl\/index.php\/wp-json\/wp\/v2\/comments?post=33"}],"version-history":[{"count":9,"href":"http:\/\/profescar.pl\/index.php\/wp-json\/wp\/v2\/pages\/33\/revisions"}],"predecessor-version":[{"id":104,"href":"http:\/\/profescar.pl\/index.php\/wp-json\/wp\/v2\/pages\/33\/revisions\/104"}],"wp:featuredmedia":[{"embeddable":true,"href":"http:\/\/profescar.pl\/index.php\/wp-json\/wp\/v2\/media\/22"}],"wp:attachment":[{"href":"http:\/\/profescar.pl\/index.php\/wp-json\/wp\/v2\/media?parent=33"}],"curies":[{"name":"wp","href":"https:\/\/api.w.org\/{rel}","templated":true}]}}