{"id":31,"date":"2020-01-19T21:41:23","date_gmt":"2020-01-19T21:41:23","guid":{"rendered":"http:\/\/profescar.pl\/?page_id=31"},"modified":"2023-11-19T10:48:37","modified_gmt":"2023-11-19T10:48:37","slug":"warsztat","status":"publish","type":"page","link":"http:\/\/profescar.pl\/index.php\/warsztat\/","title":{"rendered":"Warsztat"},"content":{"rendered":"\n<p>Zaufaj naszej ekipie do\u015bwiadczonych mechanik\u00f3w, kt\u00f3rzy zadbaj\u0105 o bezpiecze\u0144stwo i sprawno\u015b\u0107 Twojego pojazdu. Skontaktuj si\u0119 z nami, aby um\u00f3wi\u0107 si\u0119 na us\u0142ug\u0119 lub uzyska\u0107 wi\u0119cej informacji.<\/p>\n\n\n\n<h2 class=\"wp-block-heading\"><a href=\"tel:+48697477074\">+48 697 477 074<\/a><\/h2>\n\n\n\n<h4 class=\"wp-block-heading\">Serwis<\/h4>\n\n\n\n<p>Nasz warsztat specjalizuje si\u0119 w bie\u017c\u0105cych naprawach samochod\u00f3w osobowych i bus\u00f3w. Oferujemy szeroki zakres us\u0142ug, takich jak<br>\u2022 wymiana oleju<br>\u2022 klock\u00f3w hamulcowych<br>\u2022 tarcz hamulcowych<br>\u2022 kompleksowa diagnostyka komputerowa<\/p>\n\n\n\n<p>dla samochod\u00f3w osobowych, bus\u00f3w, traktor\u00f3w, maszyn budowlanych oraz renomowanych marek samochod\u00f3w ci\u0119\u017carowych.<\/p>\n\n\n\n<div class=\"wp-block-image\"><figure class=\"aligncenter size-large\"><img loading=\"lazy\" decoding=\"async\" width=\"1024\" height=\"680\" src=\"http:\/\/profescar.pl\/wp-content\/uploads\/2023\/11\/pexels-mike-bird-1007410-1024x680.jpg\" alt=\"\" class=\"wp-image-107\" srcset=\"http:\/\/profescar.pl\/wp-content\/uploads\/2023\/11\/pexels-mike-bird-1007410-1024x680.jpg 1024w, http:\/\/profescar.pl\/wp-content\/uploads\/2023\/11\/pexels-mike-bird-1007410-300x199.jpg 300w, http:\/\/profescar.pl\/wp-content\/uploads\/2023\/11\/pexels-mike-bird-1007410-768x510.jpg 768w, http:\/\/profescar.pl\/wp-content\/uploads\/2023\/11\/pexels-mike-bird-1007410-1536x1020.jpg 1536w, http:\/\/profescar.pl\/wp-content\/uploads\/2023\/11\/pexels-mike-bird-1007410-2048x1359.jpg 2048w, http:\/\/profescar.pl\/wp-content\/uploads\/2023\/11\/pexels-mike-bird-1007410-360x240.jpg 360w\" sizes=\"auto, (max-width: 1024px) 100vw, 1024px\" \/><\/figure><\/div>\n\n\n\n<h4 class=\"wp-block-heading\">Konserwacja<\/h4>\n\n\n\n<p>Oferujemy kompleksow\u0105 konserwacj\u0119 samochod\u00f3w osobowych, bus\u00f3w oraz samochod\u00f3w terenowych, w\u0142\u0105czaj\u0105c w to us\u0142ugi spawania i wymiany t\u0142umik\u00f3w. W naszym zakresie znajduje si\u0119 r\u00f3wnie\u017c profesjonalna wymiana opon oraz naprawa dla samochod\u00f3w osobowych<\/p>\n\n\n\n<figure class=\"wp-block-image size-large\"><img loading=\"lazy\" decoding=\"async\" width=\"772\" height=\"1024\" src=\"http:\/\/profescar.pl\/wp-content\/uploads\/2023\/11\/podwozie-772x1024.png\" alt=\"\" class=\"wp-image-114\" srcset=\"http:\/\/profescar.pl\/wp-content\/uploads\/2023\/11\/podwozie-772x1024.png 772w, http:\/\/profescar.pl\/wp-content\/uploads\/2023\/11\/podwozie-226x300.png 226w, http:\/\/profescar.pl\/wp-content\/uploads\/2023\/11\/podwozie-768x1018.png 768w, http:\/\/profescar.pl\/wp-content\/uploads\/2023\/11\/podwozie.png 792w\" sizes=\"auto, (max-width: 772px) 100vw, 772px\" \/><\/figure>\n\n\n\n<h4 class=\"wp-block-heading\">Klimatyzacja<\/h4>\n\n\n\n<p>Posiadamy nowoczesn\u0105 maszyn\u0119 do nabijania i konserwacji klimatyzacji, obs\u0142ugiwan\u0105 dwoma czynnikami: <strong>R134a i R1234yf<\/strong>, przeznaczonymi zar\u00f3wno dla samochod\u00f3w osobowych, bus\u00f3w, traktor\u00f3w, jak i samochod\u00f3w ci\u0119\u017carowych.<\/p>\n\n\n\n<figure class=\"wp-block-image size-large\"><img loading=\"lazy\" decoding=\"async\" width=\"656\" height=\"799\" src=\"http:\/\/profescar.pl\/wp-content\/uploads\/2023\/11\/klimatyzacja-r134a.jpg\" alt=\"\" class=\"wp-image-118\" srcset=\"http:\/\/profescar.pl\/wp-content\/uploads\/2023\/11\/klimatyzacja-r134a.jpg 656w, http:\/\/profescar.pl\/wp-content\/uploads\/2023\/11\/klimatyzacja-r134a-246x300.jpg 246w\" sizes=\"auto, (max-width: 656px) 100vw, 656px\" \/><\/figure>\n\n\n\n<h4 class=\"wp-block-heading\">Wymiana opon<\/h4>\n\n\n\n<p>Nasz warsztat oferuje r\u00f3wnie\u017c profesjonaln\u0105 wymian\u0119 opon dla samochod\u00f3w osobowych. Zapewniamy kompleksow\u0105 obs\u0142ug\u0119, obejmuj\u0105c\u0105 demonta\u017c starych opon, monta\u017c nowych, oraz precyzyjne wywa\u017canie. Niezale\u017cnie od tego, czy potrzebujesz opon letnich, zimowych czy ca\u0142orocznych, jeste\u015bmy gotowi sprosta\u0107 Twoim oczekiwaniom.<\/p>\n\n\n\n<div class=\"wp-block-image\"><figure class=\"aligncenter size-large\"><img loading=\"lazy\" decoding=\"async\" width=\"1024\" height=\"576\" src=\"http:\/\/profescar.pl\/wp-content\/uploads\/2023\/11\/pexels-mike-bird-8886305-1024x576.jpg\" alt=\"\" class=\"wp-image-120\" srcset=\"http:\/\/profescar.pl\/wp-content\/uploads\/2023\/11\/pexels-mike-bird-8886305-1024x576.jpg 1024w, http:\/\/profescar.pl\/wp-content\/uploads\/2023\/11\/pexels-mike-bird-8886305-300x169.jpg 300w, http:\/\/profescar.pl\/wp-content\/uploads\/2023\/11\/pexels-mike-bird-8886305-768x432.jpg 768w, http:\/\/profescar.pl\/wp-content\/uploads\/2023\/11\/pexels-mike-bird-8886305-1536x864.jpg 1536w, http:\/\/profescar.pl\/wp-content\/uploads\/2023\/11\/pexels-mike-bird-8886305-2048x1152.jpg 2048w\" sizes=\"auto, (max-width: 1024px) 100vw, 1024px\" \/><\/figure><\/div>\n\n\n\n<p><\/p>\n\n\n\n<p><\/p>\n\n\n\n<p><\/p>\n\n\n\n<p><\/p>\n\n\n\n<p><\/p>\n\n\n\n<h4 class=\"wp-block-heading\">Warsztat na mapie<\/h4>\n\n\n\n<iframe src=\"https:\/\/www.google.com\/maps\/embed?pb=!1m18!1m12!1m3!1d317.77867294356435!2d19.050142609835483!3d49.892259351590525!2m3!1f0!2f0!3f0!3m2!1i1024!2i768!4f13.1!3m3!1m2!1s0x4716a3bdde7bb501%3A0x76241678864946f1!2sPROFESCAR%20Tomasz%20Wr%C3%B3bel!5e0!3m2!1spl!2spl!4v1700348589620!5m2!1spl!2spl\" width=\"800\" height=\"600\" style=\"border:0;\" allowfullscreen=\"\" loading=\"lazy\" referrerpolicy=\"no-referrer-when-downgrade\"><\/iframe>\n","protected":false},"excerpt":{"rendered":"<p>Zaufaj naszej ekipie do\u015bwiadczonych mechanik\u00f3w, kt\u00f3rzy zadbaj\u0105 o bezpiecze\u0144stwo i sprawno\u015b\u0107 Twojego pojazdu. Skontaktuj si\u0119 z nami, aby um\u00f3wi\u0107 si\u0119 na us\u0142ug\u0119 lub uzyska\u0107 wi\u0119cej informacji. +48 697 477 074 Serwis Nasz warsztat specjalizuje si\u0119 w bie\u017c\u0105cych naprawach samochod\u00f3w osobowych i bus\u00f3w. Oferujemy szeroki zakres us\u0142ug, takich jak\u2022 wymiana oleju\u2022<a class=\"moretag\" href=\"http:\/\/profescar.pl\/index.php\/warsztat\/\"> Czytaj wi\u0119cej<\/a><\/p>\n","protected":false},"author":1,"featured_media":25,"parent":0,"menu_order":0,"comment_status":"closed","ping_status":"closed","template":"","meta":{"footnotes":""},"class_list":["post-31","page","type-page","status-publish","has-post-thumbnail","hentry"],"_links":{"self":[{"href":"http:\/\/profescar.pl\/index.php\/wp-json\/wp\/v2\/pages\/31","targetHints":{"allow":["GET"]}}],"collection":[{"href":"http:\/\/profescar.pl\/index.php\/wp-json\/wp\/v2\/pages"}],"about":[{"href":"http:\/\/profescar.pl\/index.php\/wp-json\/wp\/v2\/types\/page"}],"author":[{"embeddable":true,"href":"http:\/\/profescar.pl\/index.php\/wp-json\/wp\/v2\/users\/1"}],"replies":[{"embeddable":true,"href":"http:\/\/profescar.pl\/index.php\/wp-json\/wp\/v2\/comments?post=31"}],"version-history":[{"count":18,"href":"http:\/\/profescar.pl\/index.php\/wp-json\/wp\/v2\/pages\/31\/revisions"}],"predecessor-version":[{"id":123,"href":"http:\/\/profescar.pl\/index.php\/wp-json\/wp\/v2\/pages\/31\/revisions\/123"}],"wp:featuredmedia":[{"embeddable":true,"href":"http:\/\/profescar.pl\/index.php\/wp-json\/wp\/v2\/media\/25"}],"wp:attachment":[{"href":"http:\/\/profescar.pl\/index.php\/wp-json\/wp\/v2\/media?parent=31"}],"curies":[{"name":"wp","href":"https:\/\/api.w.org\/{rel}","templated":true}]}}